{"id":3,"date":"2021-05-12T15:27:10","date_gmt":"2021-05-12T15:27:10","guid":{"rendered":"http:\/\/operativeit.es\/?page_id=3"},"modified":"2021-09-10T17:34:39","modified_gmt":"2021-09-10T15:34:39","slug":"aviso-legal","status":"publish","type":"page","link":"https:\/\/operativeit.es\/es\/aviso-legal\/","title":{"rendered":"Aviso legal"},"content":{"rendered":"<div class=\"fusion-fullwidth fullwidth-box fusion-builder-row-1 fusion-flex-container nonhundred-percent-fullwidth non-hundred-percent-height-scrolling\" style=\"--awb-border-radius-top-left:0px;--awb-border-radius-top-right:0px;--awb-border-radius-bottom-right:0px;--awb-border-radius-bottom-left:0px;--awb-flex-wrap:wrap;\" ><div class=\"fusion-builder-row fusion-row fusion-flex-align-items-flex-start fusion-flex-content-wrap\" style=\"max-width:1310.4px;margin-left: calc(-4% \/ 2 );margin-right: calc(-4% \/ 2 );\"><div class=\"fusion-layout-column fusion_builder_column fusion-builder-column-0 fusion_builder_column_1_1 1_1 fusion-flex-column\" style=\"--awb-bg-size:cover;--awb-width-large:100%;--awb-margin-top-large:0px;--awb-spacing-right-large:1.92%;--awb-margin-bottom-large:0px;--awb-spacing-left-large:1.92%;--awb-width-medium:100%;--awb-spacing-right-medium:1.92%;--awb-spacing-left-medium:1.92%;--awb-width-small:100%;--awb-spacing-right-small:1.92%;--awb-spacing-left-small:1.92%;\"><div class=\"fusion-column-wrapper fusion-flex-justify-content-flex-start fusion-content-layout-column\"><div class=\"fusion-text fusion-text-1\"><p style=\"--fontSize:60; line-height: 1.16;\"><span style=\"background-color: rgba(255, 255, 255, 0); color: var(--body_typography-color); font-family: var(--body_typography-font-family); font-size: var(--body_typography-font-size); font-style: var(--body_typography-font-style,normal); font-weight: var(--body_typography-font-weight); letter-spacing: var(--body_typography-letter-spacing);\">En cumplimiento de la Ley 34\/2002, de 11 de julio, de Servicios de la Sociedad de la Informaci\u00f3n y de Comercio Electr\u00f3nico, le informamos:<\/span><\/p>\n<p>OPERATIVE IT, S. L en adelante la EMPRESA, es una organizaci\u00f3n dedicada a Tecnolog\u00edas de la Informaci\u00f3n y Comunicaciones, focalizada en el desarrollo de software y soluciones TI para mejorar la operatividad de las empresas.<\/p>\n<p>La EMPRESA se encuentra inscrita en el Registro Mercantil de Murcia, Tomo 348, Folio 171, Hoja MU-103164, CIF: ES-B02999902<\/p>\n<p>La EMPRESA con CIF B02999902, es una sociedad domiciliada a los efectos de la presente informaci\u00f3n en la Calle Dario de Valcarcel 4, 30003 Murcia y es en la actualidad la encargada de la explotaci\u00f3n y gesti\u00f3n del sitio web. Otros datos de contacto que ponemos a su disposici\u00f3n: Email: info@operativeit.es<\/p>\n<p>A trav\u00e9s de este AVISO LEGAL se pretende regular el acceso y uso, y en general, la relaci\u00f3n entre este Portal (en adelante WEBSITE) accesible en la direcci\u00f3n de Internet <strong>operativeit.es<\/strong> y los usuarios del WEBSITE (en adelante USUARIOS).<\/p>\n<p>Todo el acceso a este sitio Web supone la aceptaci\u00f3n expresa de todas las condiciones de <strong>operativeit.es <\/strong>que se reflejan en el presente documento; dichas condiciones podr\u00e1n ser modificadas por el titular de Operative IT S.L en cualquier momento y sin previo aviso.<\/p>\n<p>Todos los signos distintivos, marcas, nombres comerciales, contenidos, estructura, dise\u00f1o y forma de presentaci\u00f3n de los elementos y cualquier otra informaci\u00f3n que aparezca en este sitio WEBSITE son propiedad de y est\u00e1n protegidos por los derechos de propiedad industrial e intelectual.<\/p>\n<p>El usuario tiene prohibida la reproducci\u00f3n, transformaci\u00f3n, distribuci\u00f3n, comunicaci\u00f3n p\u00fablica y, en general cualquier otra forma de explotaci\u00f3n de los elementos referidos en el apartado anterior sin autorizaci\u00f3n expresa de la EMPRESA.<\/p>\n<p>EL usuario se abstendr\u00e1 de emplear medios que puedan suprimir, alterar, eludir o manipular cualesquiera dispositivos de protecci\u00f3n o sistemas de seguridad que puedan estar instalados y que comporten un riesgo o da\u00f1o o inutilizaci\u00f3n del sitio Web y\/o sus contenidos.<\/p>\n<p>LA EMPRESA no se responsabiliza del posible uso inapropiado que terceros realicen de esta p\u00e1gina WEBSITE, ni de la informaci\u00f3n que a trav\u00e9s de ella transmitan a terceros. Los contenidos proporcionados a trav\u00e9s de esta p\u00e1gina web tienen car\u00e1cter meramente informativo, por lo que el uso que de estos pueda hacer el usuario y las eventuales consecuencias, da\u00f1os o perjuicios que pudiesen derivarse, son de la exclusiva responsabilidad del usuario. LA EMPRESA se excluye por los da\u00f1os y perjuicios de toda naturaleza causados a los usuarios por el uso de enlaces (links), directorios y herramientas de b\u00fasqueda, que permiten a los usuarios acceder a sitios Web pertenecientes y\/o gestionados por terceros as\u00ed como de la presencia de virus u otros c\u00f3digos maliciosos en los contenidos que puedan producir cualquier tipo de da\u00f1os en el sistema inform\u00e1tico, documentos electr\u00f3nicos o ficheros de los usuarios.<\/p>\n<p>LA EMPRESA se reserva el derecho de ejercitar las acciones legales que considere oportunas derivadas de cualesquiera usos il\u00edcitos por parte de terceros de los contenidos de su p\u00e1gina WEBSITE.<\/p>\n<h3 data-fontsize=\"36\" data-lineheight=\"46.8px\" class=\"fusion-responsive-typography-calculated\" style=\"--fontSize:36; line-height: 1.3;\">Protecci\u00f3n de datos<\/h3>\n<p>La visita a este sitio Web no implica que el usuario est\u00e9 obligado a facilitar ninguna informaci\u00f3n sobre el mismo. En el caso de que el usuario facilite alguna informaci\u00f3n de car\u00e1cter personal, los datos recogidos en este sitio Web ser\u00e1n tratados de forma leal y l\u00edcita con sujeci\u00f3n en todo momento a los principios y derechos recogidos en el Reglamento General de Protecci\u00f3n de Datos (RGPD), que es el Reglamento (UE) 2016\/679 del Parlamento y del Consejo, de 27 de abril de 2016, relativo a la protecci\u00f3n de las personas f\u00edsicas en lo que respecta al tratamiento de datos personales y a la libre circulaci\u00f3n de estos datos y por el que se deroga la Directiva 95\/46\/CE, y dem\u00e1s normativa nacional que sea de aplicaci\u00f3n.<\/p>\n<h3 data-fontsize=\"36\" data-lineheight=\"46.8px\" class=\"fusion-responsive-typography-calculated\" style=\"--fontSize:36; line-height: 1.3;\">Formulario de contacto<\/h3>\n<p>De conformidad con lo dispuesto en el Reglamento General de Protecci\u00f3n de Datos (RGPD), que es el Reglamento (UE) 2016\/679 del Parlamento y del Consejo, de 27 de abril de 2016, la finalidad de los datos ser\u00e1 atender las solicitudes y peticiones de informaci\u00f3n formuladas por nuestros usuarios a trav\u00e9s de la p\u00e1gina web.<\/p>\n<p>Adem\u00e1s sus datos pueden ser utilizados para enviarle publicidad o informaci\u00f3n comercial sobre nuestros eventos, noticias de inter\u00e9s, novedades, servicios, ofertas y promociones.<\/p>\n<p>Las respuestas a las preguntas sobre datos personales que aparecen se\u00f1aladas en el Formulario con un asterisco (*) son de car\u00e1cter obligatorio.<\/p>\n<p>Los usuarios ser\u00e1n los que respondan sobre cualquier veracidad de los datos prestados a Operative IT S.L. y ser\u00e1 Operative IT S.L. la que se reserve el derecho de excluir de los servicios prestados a todo usuario que nos haya facilitado datos falsos.<\/p>\n<p>Operative IT S.L. tiene implantados sistemas de seguridad para impedir accesos a personas no autorizadas. A pesar de ello, el USUARIO debe tener presente que las medidas de seguridad en Internet no son completamente seguras.<\/p>\n<p><strong>operativeit.es <\/strong>podr\u00e1 modificar estas medidas de seguridad y confidencialidad para adaptarlas a las novedades legislativas y jurisprudenciales.<\/p>\n<h3 data-fontsize=\"36\" data-lineheight=\"46.8px\" class=\"fusion-responsive-typography-calculated\" style=\"--fontSize:36; line-height: 1.3;\">Derechos de los interesados<\/h3>\n<p>El interesado puede ejercitar sus derechos ARCO (acceso, rectificaci\u00f3n, cancelaci\u00f3n y oposici\u00f3n) en relaci\u00f3n con sus datos personales dirigi\u00e9ndose por escrito y adjuntando fotocopia del DNI a la Calle Dario de Valcarcel 4, 30003 Murcia o a trav\u00e9s de nuestro email info@operativeit.es<\/p>\n<h3 data-fontsize=\"36\" data-lineheight=\"46.8px\" class=\"fusion-responsive-typography-calculated\" style=\"--fontSize:36; line-height: 1.3;\">Protecci\u00f3n de los menores<\/h3>\n<p>No recogemos datos personales de menores. Es responsabilidad del padre\/madre\/tutor legal velar por para la privacidad de los menores, haciendo todo lo posible para asegurar que han autorizado la recogida y el uso de los datos personales del menor.<\/p>\n<h3 data-fontsize=\"36\" data-lineheight=\"46.8px\" class=\"fusion-responsive-typography-calculated\" style=\"--fontSize:36; line-height: 1.3;\">Responsabilidad<\/h3>\n<p>Operative IT S.L , fuera de lo expresamente reconocido en estas condiciones generales, no se hace responsable de los da\u00f1os inform\u00e1ticos que puedan ser ocasionados a usuario, por causas ajenas a su voluntad, ni por cualquier otro tipo de da\u00f1o, que pudieran serle ocasionados por virus de la red Internet.<\/p>\n<p>Operative IT S.L no se hace responsable por da\u00f1os ocasionales que puedan efectuarse por falta de disponibilidad de la p\u00e1gina, o continuidad de <strong>operativeit.es<\/strong><\/p>\n<p>Al aceptarse las condiciones de uso y privacidad, cualquier usuario que utilice los servicios e informaciones contenidas en esta web, es el responsable sobre la utilizaci\u00f3n que pudiera hacerse de la misma.<\/p>\n<p>El usuario est\u00e1 obligado a indemnizar a Operative IT S.L. por cualquier da\u00f1o o perjuicio que pudiera ocasionar, de la mala utilizaci\u00f3n de <strong>operativeit.es<\/strong>, infringiendo por ello las presentes condiciones generales y la normativa vigente.<\/p>\n<h3 data-fontsize=\"36\" data-lineheight=\"46.8px\" class=\"fusion-responsive-typography-calculated\" style=\"--fontSize:36; line-height: 1.3;\">Cookies<\/h3>\n<p>El sitio Web utiliza cookies (peque\u00f1os archivos de informaci\u00f3n que el servidor env\u00eda al ordenador de quien accede a la p\u00e1gina) en la medida imprescindible para el correcto funcionamiento y visualizaci\u00f3n del sitio Web por parte del usuario.<\/p>\n<p>Las cookies utilizadas en <strong>operativeit.es<\/strong> tienen, en todo caso, car\u00e1cter temporal con la \u00fanica finalidad de hacer m\u00e1s eficaz su transmisi\u00f3n ulterior incluso conocer las preferencias del usuario al volver \u00e9ste a conectarse. En ning\u00fan caso se utilizar\u00e1n las cookies para recoger informaci\u00f3n de car\u00e1cter personal.<\/p>\n<p>El usuario tiene la posibilidad de configurar su navegador para ser avisado en pantalla de la recepci\u00f3n de cookies y para impedir la instalaci\u00f3n de cookies en su disco duro. Para ello, el usuario debe consultar las instrucciones y manuales de su navegador para ampliar esta informaci\u00f3n. Ninguna cookie permite extraer informaci\u00f3n del disco duro del usuario o acceder a informaci\u00f3n personal. Simplemente asocian el navegador de un ordenador determinado a un c\u00f3digo an\u00f3nimo. La \u00fanica manera de que la informaci\u00f3n privada de un usuario forme parte de un archivo cookie, es que el usuario d\u00e9 personalmente esa informaci\u00f3n al servidor.<\/p>\n<h3 data-fontsize=\"36\" data-lineheight=\"46.8px\" class=\"fusion-responsive-typography-calculated\" style=\"--fontSize:36; line-height: 1.3;\">Derecho aplicable y jurisdicci\u00f3n competente<\/h3>\n<p>La Ley aplicable en caso de disputa o conflicto de interpretaci\u00f3n de los t\u00e9rminos que conforman este Aviso Legal y condiciones, as\u00ed como cualquier cuesti\u00f3n relacionada con los servicios de la presente Web, ser\u00e1 la Ley espa\u00f1ola.<\/p>\n<p>Para la resoluci\u00f3n de cualquier conflicto que pueda surgir con ocasi\u00f3n de la visita a la p\u00e1gina Web o del uso de los servicios que en ella se ofertan, La EMPRESA y el usuario acuerdan someterse a los Jueces y Tribunales con competencia en el domicilio de la Empresa.<\/p>\n<\/div><\/div><\/div><\/div><\/div>\n","protected":false},"excerpt":{"rendered":"","protected":false},"author":1,"featured_media":0,"parent":0,"menu_order":0,"comment_status":"closed","ping_status":"open","template":"","meta":{"footnotes":""},"class_list":["post-3","page","type-page","status-publish","hentry"],"_links":{"self":[{"href":"https:\/\/operativeit.es\/es\/wp-json\/wp\/v2\/pages\/3","targetHints":{"allow":["GET"]}}],"collection":[{"href":"https:\/\/operativeit.es\/es\/wp-json\/wp\/v2\/pages"}],"about":[{"href":"https:\/\/operativeit.es\/es\/wp-json\/wp\/v2\/types\/page"}],"author":[{"embeddable":true,"href":"https:\/\/operativeit.es\/es\/wp-json\/wp\/v2\/users\/1"}],"replies":[{"embeddable":true,"href":"https:\/\/operativeit.es\/es\/wp-json\/wp\/v2\/comments?post=3"}],"version-history":[{"count":0,"href":"https:\/\/operativeit.es\/es\/wp-json\/wp\/v2\/pages\/3\/revisions"}],"wp:attachment":[{"href":"https:\/\/operativeit.es\/es\/wp-json\/wp\/v2\/media?parent=3"}],"curies":[{"name":"wp","href":"https:\/\/api.w.org\/{rel}","templated":true}]}}